{"id":586,"date":"2026-04-05T10:45:50","date_gmt":"2026-04-05T09:45:50","guid":{"rendered":"https:\/\/www.fvplp.com\/victoire\/accueil-english\/"},"modified":"2026-04-06T16:40:14","modified_gmt":"2026-04-06T15:40:14","slug":"accueil-english","status":"publish","type":"page","link":"https:\/\/www.fvplp.com\/victoire\/en\/accueil-english\/","title":{"rendered":"Home"},"content":{"rendered":"\n<div class=\"alignnormal\"><div id=\"metaslider-id-42\" style=\"width: 100%;\" class=\"ml-slider-3-108-0 metaslider metaslider-flex metaslider-42 ml-slider has-dots-nav ms-theme-default-base\" role=\"region\" aria-label=\"New Slideshow\" data-height=\"370\" data-width=\"1020\">\n    <div id=\"metaslider_container_42\">\n        <div id=\"metaslider_42\">\n            <ul class='slides'>\n                <li style=\"display: block; width: 100%;\" class=\"slide-267 ms-image \" aria-roledescription=\"slide\" data-date=\"2025-06-28 14:14:00\" data-filename=\"PHOTO-2025-06-24-00-30-50-1020x370.jpg\" data-slide-type=\"image\"><a href=\"https:\/\/www.fvplp.com\/victoire\/donates\/\" target=\"_self\" aria-label=\"Voir les d\u00e9tails de la diapositive\" class=\"metaslider_image_link\"><img loading=\"lazy\" decoding=\"async\" src=\"https:\/\/www.fvplp.com\/victoire\/wp-content\/uploads\/2025\/06\/PHOTO-2025-06-24-00-30-50-1020x370.jpg\" height=\"370\" width=\"1020\" alt=\"Justice For Victoire Ingabire\" class=\"slider-42 slide-267 msDefaultImage\" title=\"Justice For Victoire Ingabire\" \/><\/a><div class=\"caption-wrap\"><div class=\"caption\"><div><a href=\"https:\/\/www.fvplp.com\/victoire\/donates\/\">https:\/\/www.fvplp.com\/victoire\/donates\/<\/a><\/div><\/div><\/div><\/li>\n                <li style=\"display: none; width: 100%;\" class=\"slide-304 ms-image \" aria-roledescription=\"slide\" data-date=\"2025-07-10 21:19:47\" data-filename=\"Slider-Victoire-Ingabire.png\" data-slide-type=\"image\"><a href=\"https:\/\/www.fvplp.com\/victoire\/soutenez-la\/\" target=\"_self\" aria-label=\"Stand with Her\" class=\"metaslider_image_link\"><img loading=\"lazy\" decoding=\"async\" src=\"https:\/\/www.fvplp.com\/victoire\/wp-content\/uploads\/2025\/07\/Slider-Victoire-Ingabire.png\" height=\"370\" width=\"1020\" alt=\"\" class=\"slider-42 slide-304 msDefaultImage\" title=\"Slider-Victoire-Ingabire\" \/><\/a><div class=\"caption-wrap\"><div class=\"caption\"><div><a href=\"https:\/\/www.fvplp.com\/victoire\/soutenez-la\/\">Stand with Her\u00a0<\/a><\/div><\/div><\/div><\/li>\n                <li style=\"display: none; width: 100%;\" class=\"slide-44 ms-image \" aria-roledescription=\"slide\" data-date=\"2025-01-24 19:11:53\" data-filename=\"entre-les-4-murs-SLIDER.png\" data-slide-type=\"image\"><a href=\"https:\/\/www.fvplp.com\/victoire\/entre-les-4-murs-du-1930\/\" target=\"_self\" aria-label=\"Voir les d\u00e9tails de la diapositive\" class=\"metaslider_image_link\"><img loading=\"lazy\" decoding=\"async\" src=\"https:\/\/www.fvplp.com\/victoire\/wp-content\/uploads\/2025\/01\/entre-les-4-murs-SLIDER.png\" height=\"370\" width=\"1020\" alt=\"Entre les 4 murs\" class=\"slider-42 slide-44 msDefaultImage\" title=\"entre-les-4-murs-SLIDER\" \/><\/a><\/li>\n                <li style=\"display: none; width: 100%;\" class=\"slide-46 ms-image \" aria-roledescription=\"slide\" data-date=\"2025-01-24 19:13:51\" data-filename=\"14.10.2017-929x337.jpg\" data-slide-type=\"image\"><img loading=\"lazy\" decoding=\"async\" src=\"https:\/\/www.fvplp.com\/victoire\/wp-content\/uploads\/2025\/01\/14.10.2017-929x337.jpg\" height=\"370\" width=\"1020\" alt=\"\" class=\"slider-42 slide-46 msDefaultImage\" title=\"14.10.2017\" \/><\/li>\n                <li style=\"display: none; width: 100%;\" class=\"slide-49 ms-image \" aria-roledescription=\"slide\" data-date=\"2025-01-24 19:21:21\" data-filename=\"Victoire-dans-les-journeau-Le-Vif-629x228.jpg\" data-slide-type=\"image\"><a href=\"http:\/\/www.fvplp.com\/victoire\/2025\/01\/26\/ingabire-victoire-une-dame-de-fer\/\" target=\"_self\" aria-label=\"Voir les d\u00e9tails de la diapositive\" class=\"metaslider_image_link\"><img loading=\"lazy\" decoding=\"async\" src=\"https:\/\/www.fvplp.com\/victoire\/wp-content\/uploads\/2025\/01\/Victoire-dans-les-journeau-Le-Vif-629x228.jpg\" height=\"370\" width=\"1020\" alt=\"\" class=\"slider-42 slide-49 msDefaultImage\" title=\"Victoire-dans-les-journeau-Le-Vif\" \/><\/a><\/li>\n                <li style=\"display: none; width: 100%;\" class=\"slide-51 ms-image \" aria-roledescription=\"slide\" data-date=\"2025-01-24 19:21:42\" data-filename=\"chacun-ses-droits-973x353.jpg\" data-slide-type=\"image\"><a href=\"https:\/\/www.fvplp.com\/victoire\/2025\/01\/27\/victoire-ingabire-enfermee-dans-une-prison-a-ciel-ouvert\/\" target=\"_self\" aria-label=\"Voir les d\u00e9tails de la diapositive\" class=\"metaslider_image_link\"><img loading=\"lazy\" decoding=\"async\" src=\"https:\/\/www.fvplp.com\/victoire\/wp-content\/uploads\/2025\/01\/chacun-ses-droits-973x353.jpg\" height=\"370\" width=\"1020\" alt=\"\" class=\"slider-42 slide-51 msDefaultImage\" title=\"Victoire Ingabire\" \/><\/a><\/li>\n            <\/ul>\n        <\/div>\n        \n    <\/div>\n<\/div><\/div>\n\n\n\n<div class=\"wp-block-uagb-container uagb-block-c2cfcd98 alignfull uagb-is-root-container\"><div class=\"uagb-container-inner-blocks-wrap\">\n<div class=\"wp-block-uagb-container uagb-block-cf145a36\">\n<h3 class=\"wp-block-heading\">ENGLISH<\/h3>\n\n\n\n<h6 class=\"wp-block-heading has-medium-font-size\">SOS for a courageaus woman in prison<\/h6>\n\n\n\n<p>Victoire Ingabire Umuhoza courageous Rwandan politician, figure of non-violent opposition.<\/p>\n\n\n\n<p><a href=\"http:\/\/www.fvplp.com\/victoire\/sos-for-a-courageaus-woman-in-prison\">More info<\/a><\/p>\n\n\n\n<p>&nbsp;<\/p>\n<\/div>\n\n\n\n<div class=\"wp-block-uagb-container uagb-block-1d3e0fe0\">\n<h3 class=\"wp-block-heading\">ESPA\u00d1OL<\/h3>\n\n\n\n<h6 class=\"wp-block-heading has-medium-font-size\">SOS para una mujer valiente en prision<\/h6>\n\n\n\n<p>Victoire Ingabire pol\u00edtico ruand\u00e9s valiente, figura de la oposici\u00f3n no violenta.<\/p>\n\n\n\n<p><a href=\"http:\/\/www.fvplp.com\/victoire\/sos-para-una-mujer-valiente-en-prision\">M\u00e1s info<\/a><\/p>\n\n\n\n<p>&nbsp;<\/p>\n<\/div>\n\n\n\n<div class=\"wp-block-uagb-container uagb-block-bad00cc8\">\n<h3 class=\"wp-block-heading\">NEDERLANDS<\/h3>\n\n\n\n<h6 class=\"wp-block-heading has-medium-font-size\">SOS voor een moedige vrouw in de gevangenis<\/h6>\n\n\n\n<p>Victoire Ingabire Umuhoza moedige Rwandese politicus, figuur van geweldloos verzet.<\/p>\n\n\n\n<p><a href=\"http:\/\/www.fvplp.com\/victoire\/sos-voor-een-moedige-vrouw-in-de-gevangenis\/\">Meer info<\/a><\/p>\n\n\n\n<p>&nbsp;<\/p>\n<\/div>\n<\/div><\/div>\n","protected":false},"excerpt":{"rendered":"<p>ENGLISH SOS for a courageaus woman in prison Victoire Ingabire Umuhoza courageous Rwandan politician, figure of non-violent opposition. More info [&hellip;]<\/p>\n","protected":false},"author":1,"featured_media":0,"parent":0,"menu_order":0,"comment_status":"closed","ping_status":"closed","template":"","meta":{"_uag_custom_page_level_css":"","site-sidebar-layout":"default","site-content-layout":"","ast-site-content-layout":"default","site-content-style":"default","site-sidebar-style":"default","ast-global-header-display":"","ast-banner-title-visibility":"","ast-main-header-display":"","ast-hfb-above-header-display":"","ast-hfb-below-header-display":"","ast-hfb-mobile-header-display":"","site-post-title":"","ast-breadcrumbs-content":"","ast-featured-img":"","footer-sml-layout":"","ast-disable-related-posts":"","theme-transparent-header-meta":"default","adv-header-id-meta":"","stick-header-meta":"","header-above-stick-meta":"","header-main-stick-meta":"","header-below-stick-meta":"","astra-migrate-meta-layouts":"set","ast-page-background-enabled":"default","ast-page-background-meta":{"desktop":{"background-color":"var(--ast-global-color-5)","background-image":"","background-repeat":"repeat","background-position":"center center","background-size":"auto","background-attachment":"scroll","background-type":"","background-media":"","overlay-type":"","overlay-color":"","overlay-opacity":"","overlay-gradient":""},"tablet":{"background-color":"","background-image":"","background-repeat":"repeat","background-position":"center center","background-size":"auto","background-attachment":"scroll","background-type":"","background-media":"","overlay-type":"","overlay-color":"","overlay-opacity":"","overlay-gradient":""},"mobile":{"background-color":"","background-image":"","background-repeat":"repeat","background-position":"center center","background-size":"auto","background-attachment":"scroll","background-type":"","background-media":"","overlay-type":"","overlay-color":"","overlay-opacity":"","overlay-gradient":""}},"ast-content-background-meta":{"desktop":{"background-color":"var(--ast-global-color-4)","background-image":"","background-repeat":"repeat","background-position":"center center","background-size":"auto","background-attachment":"scroll","background-type":"","background-media":"","overlay-type":"","overlay-color":"","overlay-opacity":"","overlay-gradient":""},"tablet":{"background-color":"var(--ast-global-color-4)","background-image":"","background-repeat":"repeat","background-position":"center center","background-size":"auto","background-attachment":"scroll","background-type":"","background-media":"","overlay-type":"","overlay-color":"","overlay-opacity":"","overlay-gradient":""},"mobile":{"background-color":"var(--ast-global-color-4)","background-image":"","background-repeat":"repeat","background-position":"center center","background-size":"auto","background-attachment":"scroll","background-type":"","background-media":"","overlay-type":"","overlay-color":"","overlay-opacity":"","overlay-gradient":""}},"footnotes":""},"class_list":["post-586","page","type-page","status-publish","hentry"],"yoast_head":"<!-- This site is optimized with the Yoast SEO plugin v27.4 - https:\/\/yoast.com\/product\/yoast-seo-wordpress\/ -->\n<title>Home |<\/title>\n<meta name=\"robots\" content=\"index, follow, max-snippet:-1, max-image-preview:large, max-video-preview:-1\" \/>\n<link rel=\"canonical\" href=\"https:\/\/www.fvplp.com\/victoire\/en\/accueil-english\/\" \/>\n<meta property=\"og:locale\" content=\"fr_FR\" \/>\n<meta property=\"og:type\" content=\"article\" \/>\n<meta property=\"og:title\" content=\"Home |\" \/>\n<meta property=\"og:description\" content=\"ENGLISH SOS for a courageaus woman in prison Victoire Ingabire Umuhoza courageous Rwandan politician, figure of non-violent opposition. More info [&hellip;]\" \/>\n<meta property=\"og:url\" content=\"https:\/\/www.fvplp.com\/victoire\/en\/accueil-english\/\" \/>\n<meta property=\"article:modified_time\" content=\"2026-04-06T15:40:14+00:00\" \/>\n<meta name=\"twitter:card\" content=\"summary_large_image\" \/>\n<meta name=\"twitter:label1\" content=\"Dur\u00e9e de lecture estim\u00e9e\" \/>\n\t<meta name=\"twitter:data1\" content=\"1 minute\" \/>\n<script type=\"application\/ld+json\" class=\"yoast-schema-graph\">{\"@context\":\"https:\\\/\\\/schema.org\",\"@graph\":[{\"@type\":\"WebPage\",\"@id\":\"https:\\\/\\\/www.fvplp.com\\\/victoire\\\/en\\\/accueil-english\\\/\",\"url\":\"https:\\\/\\\/www.fvplp.com\\\/victoire\\\/en\\\/accueil-english\\\/\",\"name\":\"Home |\",\"isPartOf\":{\"@id\":\"https:\\\/\\\/www.fvplp.com\\\/victoire\\\/#website\"},\"datePublished\":\"2026-04-05T09:45:50+00:00\",\"dateModified\":\"2026-04-06T15:40:14+00:00\",\"breadcrumb\":{\"@id\":\"https:\\\/\\\/www.fvplp.com\\\/victoire\\\/en\\\/accueil-english\\\/#breadcrumb\"},\"inLanguage\":\"fr-FR\",\"potentialAction\":[{\"@type\":\"ReadAction\",\"target\":[\"https:\\\/\\\/www.fvplp.com\\\/victoire\\\/en\\\/accueil-english\\\/\"]}]},{\"@type\":\"BreadcrumbList\",\"@id\":\"https:\\\/\\\/www.fvplp.com\\\/victoire\\\/en\\\/accueil-english\\\/#breadcrumb\",\"itemListElement\":[{\"@type\":\"ListItem\",\"position\":1,\"name\":\"Accueil\",\"item\":\"https:\\\/\\\/www.fvplp.com\\\/victoire\\\/\"},{\"@type\":\"ListItem\",\"position\":2,\"name\":\"Home\"}]},{\"@type\":\"WebSite\",\"@id\":\"https:\\\/\\\/www.fvplp.com\\\/victoire\\\/#website\",\"url\":\"https:\\\/\\\/www.fvplp.com\\\/victoire\\\/\",\"name\":\"Fondation Victoire pour la Paix\",\"description\":\"Fondation Victoire Pour La Paix\",\"publisher\":{\"@id\":\"https:\\\/\\\/www.fvplp.com\\\/victoire\\\/#organization\"},\"alternateName\":\"Fondation Victoire pour la Paix\",\"potentialAction\":[{\"@type\":\"SearchAction\",\"target\":{\"@type\":\"EntryPoint\",\"urlTemplate\":\"https:\\\/\\\/www.fvplp.com\\\/victoire\\\/?s={search_term_string}\"},\"query-input\":{\"@type\":\"PropertyValueSpecification\",\"valueRequired\":true,\"valueName\":\"search_term_string\"}}],\"inLanguage\":\"fr-FR\"},{\"@type\":\"Organization\",\"@id\":\"https:\\\/\\\/www.fvplp.com\\\/victoire\\\/#organization\",\"name\":\"Fondation Victoire pour la Paix\",\"url\":\"https:\\\/\\\/www.fvplp.com\\\/victoire\\\/\",\"logo\":{\"@type\":\"ImageObject\",\"inLanguage\":\"fr-FR\",\"@id\":\"https:\\\/\\\/www.fvplp.com\\\/victoire\\\/#\\\/schema\\\/logo\\\/image\\\/\",\"url\":\"https:\\\/\\\/www.fvplp.com\\\/victoire\\\/wp-content\\\/uploads\\\/2025\\\/01\\\/cropped-cropped-new-logo.png\",\"contentUrl\":\"https:\\\/\\\/www.fvplp.com\\\/victoire\\\/wp-content\\\/uploads\\\/2025\\\/01\\\/cropped-cropped-new-logo.png\",\"width\":295,\"height\":125,\"caption\":\"Fondation Victoire pour la Paix\"},\"image\":{\"@id\":\"https:\\\/\\\/www.fvplp.com\\\/victoire\\\/#\\\/schema\\\/logo\\\/image\\\/\"}}]}<\/script>\n<!-- \/ Yoast SEO plugin. -->","yoast_head_json":{"title":"Home |","robots":{"index":"index","follow":"follow","max-snippet":"max-snippet:-1","max-image-preview":"max-image-preview:large","max-video-preview":"max-video-preview:-1"},"canonical":"https:\/\/www.fvplp.com\/victoire\/en\/accueil-english\/","og_locale":"fr_FR","og_type":"article","og_title":"Home |","og_description":"ENGLISH SOS for a courageaus woman in prison Victoire Ingabire Umuhoza courageous Rwandan politician, figure of non-violent opposition. More info [&hellip;]","og_url":"https:\/\/www.fvplp.com\/victoire\/en\/accueil-english\/","article_modified_time":"2026-04-06T15:40:14+00:00","twitter_card":"summary_large_image","twitter_misc":{"Dur\u00e9e de lecture estim\u00e9e":"1 minute"},"schema":{"@context":"https:\/\/schema.org","@graph":[{"@type":"WebPage","@id":"https:\/\/www.fvplp.com\/victoire\/en\/accueil-english\/","url":"https:\/\/www.fvplp.com\/victoire\/en\/accueil-english\/","name":"Home |","isPartOf":{"@id":"https:\/\/www.fvplp.com\/victoire\/#website"},"datePublished":"2026-04-05T09:45:50+00:00","dateModified":"2026-04-06T15:40:14+00:00","breadcrumb":{"@id":"https:\/\/www.fvplp.com\/victoire\/en\/accueil-english\/#breadcrumb"},"inLanguage":"fr-FR","potentialAction":[{"@type":"ReadAction","target":["https:\/\/www.fvplp.com\/victoire\/en\/accueil-english\/"]}]},{"@type":"BreadcrumbList","@id":"https:\/\/www.fvplp.com\/victoire\/en\/accueil-english\/#breadcrumb","itemListElement":[{"@type":"ListItem","position":1,"name":"Accueil","item":"https:\/\/www.fvplp.com\/victoire\/"},{"@type":"ListItem","position":2,"name":"Home"}]},{"@type":"WebSite","@id":"https:\/\/www.fvplp.com\/victoire\/#website","url":"https:\/\/www.fvplp.com\/victoire\/","name":"Fondation Victoire pour la Paix","description":"Fondation Victoire Pour La Paix","publisher":{"@id":"https:\/\/www.fvplp.com\/victoire\/#organization"},"alternateName":"Fondation Victoire pour la Paix","potentialAction":[{"@type":"SearchAction","target":{"@type":"EntryPoint","urlTemplate":"https:\/\/www.fvplp.com\/victoire\/?s={search_term_string}"},"query-input":{"@type":"PropertyValueSpecification","valueRequired":true,"valueName":"search_term_string"}}],"inLanguage":"fr-FR"},{"@type":"Organization","@id":"https:\/\/www.fvplp.com\/victoire\/#organization","name":"Fondation Victoire pour la Paix","url":"https:\/\/www.fvplp.com\/victoire\/","logo":{"@type":"ImageObject","inLanguage":"fr-FR","@id":"https:\/\/www.fvplp.com\/victoire\/#\/schema\/logo\/image\/","url":"https:\/\/www.fvplp.com\/victoire\/wp-content\/uploads\/2025\/01\/cropped-cropped-new-logo.png","contentUrl":"https:\/\/www.fvplp.com\/victoire\/wp-content\/uploads\/2025\/01\/cropped-cropped-new-logo.png","width":295,"height":125,"caption":"Fondation Victoire pour la Paix"},"image":{"@id":"https:\/\/www.fvplp.com\/victoire\/#\/schema\/logo\/image\/"}}]}},"uagb_featured_image_src":{"full":false,"thumbnail":false,"medium":false,"medium_large":false,"large":false,"1536x1536":false,"2048x2048":false},"uagb_author_info":{"display_name":"mugabo","author_link":"https:\/\/www.fvplp.com\/victoire\/author\/mugabo\/"},"uagb_comment_info":0,"uagb_excerpt":"ENGLISH SOS for a courageaus woman in prison Victoire Ingabire Umuhoza courageous Rwandan politician, figure of non-violent opposition. More info [&hellip;]","_links":{"self":[{"href":"https:\/\/www.fvplp.com\/victoire\/wp-json\/wp\/v2\/pages\/586","targetHints":{"allow":["GET"]}}],"collection":[{"href":"https:\/\/www.fvplp.com\/victoire\/wp-json\/wp\/v2\/pages"}],"about":[{"href":"https:\/\/www.fvplp.com\/victoire\/wp-json\/wp\/v2\/types\/page"}],"author":[{"embeddable":true,"href":"https:\/\/www.fvplp.com\/victoire\/wp-json\/wp\/v2\/users\/1"}],"replies":[{"embeddable":true,"href":"https:\/\/www.fvplp.com\/victoire\/wp-json\/wp\/v2\/comments?post=586"}],"version-history":[{"count":13,"href":"https:\/\/www.fvplp.com\/victoire\/wp-json\/wp\/v2\/pages\/586\/revisions"}],"predecessor-version":[{"id":621,"href":"https:\/\/www.fvplp.com\/victoire\/wp-json\/wp\/v2\/pages\/586\/revisions\/621"}],"wp:attachment":[{"href":"https:\/\/www.fvplp.com\/victoire\/wp-json\/wp\/v2\/media?parent=586"}],"curies":[{"name":"wp","href":"https:\/\/api.w.org\/{rel}","templated":true}]}}