{"id":18,"date":"2025-01-24T18:19:36","date_gmt":"2025-01-24T18:19:36","guid":{"rendered":"http:\/\/www.fvplp.com\/victoire\/?page_id=18"},"modified":"2025-01-30T20:33:54","modified_gmt":"2025-01-30T20:33:54","slug":"donates","status":"publish","type":"page","link":"https:\/\/www.fvplp.com\/victoire\/donates\/","title":{"rendered":"Donates"},"content":{"rendered":"\r\n<h4 style=\"text-align: center;\"><strong>Soutenir Victoire Ingabire, c\u2019est soutenir les droits du peuple rwandais et de l\u2019humanit\u00e9 enti\u00e8re face \u00e0 l\u2019oppression.<\/strong><\/h4>\r\n<p style=\"text-align: center;\">\u00a0<\/p>\r\n<h2 style=\"text-align: center;\"><strong>Que faire ?<\/strong><\/h2>\r\n<p style=\"text-align: center;\">Ne laissons pas les dictateurs imposer leur loi au monde.\u00a0<strong>Chacun peut agir !<\/strong><\/p>\r\n<p style=\"text-align: center;\">Faites un don, peu importe le montant :\u00a0<strong>1 euro, 1 dollar, 1 franc, 1 yen\u2026<\/strong>\u00a0Chaque contribution compte, car\u00a0<strong>l\u2019union fait la force<\/strong>.<\/p>\r\n<p style=\"text-align: center;\"><strong>Soutenez financi\u00e8rement la cause via le compte de la fondation.<\/strong><\/p>\r\n<h6 style=\"text-align: center;\">Comment soutenir financi\u00e8rement ?<\/h6>\r\n<h6 style=\"text-align: center;\">Compte de la fondation<\/h6>\r\n<p style=\"text-align: center;\"><strong>Fondation Victoire pour la Paix \u00a0 \u00a0 \u00a0 \u00a0 \u00a0Banque : BNP PARIBAS FORTIS \u00a0 \u00a0 \u00a0 \u00a0 \u00a0IBAN: BE56001672531388, \u00a0 \u00a0 \u00a0 \u00a0 \u00a0 code BIC: GEBABEBB<\/strong><\/p>\r\n<p class=\"has-text-align-center has-ast-global-color-1-background-color has-background has-medium-font-size\" style=\"padding: var(--wp--preset--spacing--30) var(--wp--preset--spacing--80) var(--wp--preset--spacing--30) var(--wp--preset--spacing--80);\"><br \/>Je soutiens Madame Victoire Ingabire Umuhoza<br \/>\u00c7a me concerne. J\u2019agis : je donne<\/p>\r\n\r\n\r\n\r\n<div class=\"wp-block-uagb-separator uagb-block-951e043d\">\r\n<div class=\"wp-block-uagb-separator__inner\">\u00a0<\/div>\r\n<\/div>\r\n\r\n\r\n\r\n<p>&nbsp;<\/p>\r\n","protected":false},"excerpt":{"rendered":"<p>Soutenir Victoire Ingabire, c\u2019est soutenir les droits du peuple rwandais et de l\u2019humanit\u00e9 enti\u00e8re face \u00e0 l\u2019oppression. \u00a0 Que faire [&hellip;]<\/p>\n","protected":false},"author":1,"featured_media":0,"parent":0,"menu_order":0,"comment_status":"closed","ping_status":"closed","template":"","meta":{"_uag_custom_page_level_css":"","site-sidebar-layout":"default","site-content-layout":"","ast-site-content-layout":"default","site-content-style":"default","site-sidebar-style":"default","ast-global-header-display":"","ast-banner-title-visibility":"","ast-main-header-display":"","ast-hfb-above-header-display":"","ast-hfb-below-header-display":"","ast-hfb-mobile-header-display":"","site-post-title":"","ast-breadcrumbs-content":"","ast-featured-img":"","footer-sml-layout":"","ast-disable-related-posts":"","theme-transparent-header-meta":"default","adv-header-id-meta":"","stick-header-meta":"","header-above-stick-meta":"","header-main-stick-meta":"","header-below-stick-meta":"","astra-migrate-meta-layouts":"set","ast-page-background-enabled":"default","ast-page-background-meta":{"desktop":{"background-color":"var(--ast-global-color-5)","background-image":"","background-repeat":"repeat","background-position":"center center","background-size":"auto","background-attachment":"scroll","background-type":"","background-media":"","overlay-type":"","overlay-color":"","overlay-opacity":"","overlay-gradient":""},"tablet":{"background-color":"","background-image":"","background-repeat":"repeat","background-position":"center center","background-size":"auto","background-attachment":"scroll","background-type":"","background-media":"","overlay-type":"","overlay-color":"","overlay-opacity":"","overlay-gradient":""},"mobile":{"background-color":"","background-image":"","background-repeat":"repeat","background-position":"center center","background-size":"auto","background-attachment":"scroll","background-type":"","background-media":"","overlay-type":"","overlay-color":"","overlay-opacity":"","overlay-gradient":""}},"ast-content-background-meta":{"desktop":{"background-color":"var(--ast-global-color-4)","background-image":"","background-repeat":"repeat","background-position":"center center","background-size":"auto","background-attachment":"scroll","background-type":"","background-media":"","overlay-type":"","overlay-color":"","overlay-opacity":"","overlay-gradient":""},"tablet":{"background-color":"var(--ast-global-color-4)","background-image":"","background-repeat":"repeat","background-position":"center center","background-size":"auto","background-attachment":"scroll","background-type":"","background-media":"","overlay-type":"","overlay-color":"","overlay-opacity":"","overlay-gradient":""},"mobile":{"background-color":"var(--ast-global-color-4)","background-image":"","background-repeat":"repeat","background-position":"center center","background-size":"auto","background-attachment":"scroll","background-type":"","background-media":"","overlay-type":"","overlay-color":"","overlay-opacity":"","overlay-gradient":""}},"footnotes":""},"class_list":["post-18","page","type-page","status-publish","hentry"],"yoast_head":"<!-- This site is optimized with the Yoast SEO plugin v27.4 - https:\/\/yoast.com\/product\/yoast-seo-wordpress\/ -->\n<title>Donates |<\/title>\n<meta name=\"description\" content=\"Soutenir Victoire Ingabire, c\u2019est soutenir les droits du peuple rwandais et de l\u2019humanit\u00e9 enti\u00e8re face \u00e0 l\u2019oppression.\" \/>\n<meta name=\"robots\" content=\"index, follow, max-snippet:-1, max-image-preview:large, max-video-preview:-1\" \/>\n<link rel=\"canonical\" href=\"https:\/\/www.fvplp.com\/victoire\/donates\/\" \/>\n<meta property=\"og:locale\" content=\"fr_FR\" \/>\n<meta property=\"og:type\" content=\"article\" \/>\n<meta property=\"og:title\" content=\"Donates |\" \/>\n<meta property=\"og:description\" content=\"Soutenir Victoire Ingabire, c\u2019est soutenir les droits du peuple rwandais et de l\u2019humanit\u00e9 enti\u00e8re face \u00e0 l\u2019oppression.\" \/>\n<meta property=\"og:url\" content=\"https:\/\/www.fvplp.com\/victoire\/donates\/\" \/>\n<meta property=\"article:modified_time\" content=\"2025-01-30T20:33:54+00:00\" \/>\n<meta name=\"twitter:card\" content=\"summary_large_image\" \/>\n<meta name=\"twitter:label1\" content=\"Dur\u00e9e de lecture estim\u00e9e\" \/>\n\t<meta name=\"twitter:data1\" content=\"1 minute\" \/>\n<script type=\"application\/ld+json\" class=\"yoast-schema-graph\">{\"@context\":\"https:\\\/\\\/schema.org\",\"@graph\":[{\"@type\":\"WebPage\",\"@id\":\"https:\\\/\\\/www.fvplp.com\\\/victoire\\\/donates\\\/\",\"url\":\"https:\\\/\\\/www.fvplp.com\\\/victoire\\\/donates\\\/\",\"name\":\"Donates |\",\"isPartOf\":{\"@id\":\"https:\\\/\\\/www.fvplp.com\\\/victoire\\\/#website\"},\"datePublished\":\"2025-01-24T18:19:36+00:00\",\"dateModified\":\"2025-01-30T20:33:54+00:00\",\"description\":\"Soutenir Victoire Ingabire, c\u2019est soutenir les droits du peuple rwandais et de l\u2019humanit\u00e9 enti\u00e8re face \u00e0 l\u2019oppression.\",\"breadcrumb\":{\"@id\":\"https:\\\/\\\/www.fvplp.com\\\/victoire\\\/donates\\\/#breadcrumb\"},\"inLanguage\":\"fr-FR\",\"potentialAction\":[{\"@type\":\"ReadAction\",\"target\":[\"https:\\\/\\\/www.fvplp.com\\\/victoire\\\/donates\\\/\"]}]},{\"@type\":\"BreadcrumbList\",\"@id\":\"https:\\\/\\\/www.fvplp.com\\\/victoire\\\/donates\\\/#breadcrumb\",\"itemListElement\":[{\"@type\":\"ListItem\",\"position\":1,\"name\":\"Accueil\",\"item\":\"https:\\\/\\\/www.fvplp.com\\\/victoire\\\/\"},{\"@type\":\"ListItem\",\"position\":2,\"name\":\"Donates\"}]},{\"@type\":\"WebSite\",\"@id\":\"https:\\\/\\\/www.fvplp.com\\\/victoire\\\/#website\",\"url\":\"https:\\\/\\\/www.fvplp.com\\\/victoire\\\/\",\"name\":\"Fondation Victoire pour la Paix\",\"description\":\"Fondation Victoire Pour La Paix\",\"publisher\":{\"@id\":\"https:\\\/\\\/www.fvplp.com\\\/victoire\\\/#organization\"},\"alternateName\":\"Fondation Victoire pour la Paix\",\"potentialAction\":[{\"@type\":\"SearchAction\",\"target\":{\"@type\":\"EntryPoint\",\"urlTemplate\":\"https:\\\/\\\/www.fvplp.com\\\/victoire\\\/?s={search_term_string}\"},\"query-input\":{\"@type\":\"PropertyValueSpecification\",\"valueRequired\":true,\"valueName\":\"search_term_string\"}}],\"inLanguage\":\"fr-FR\"},{\"@type\":\"Organization\",\"@id\":\"https:\\\/\\\/www.fvplp.com\\\/victoire\\\/#organization\",\"name\":\"Fondation Victoire pour la Paix\",\"url\":\"https:\\\/\\\/www.fvplp.com\\\/victoire\\\/\",\"logo\":{\"@type\":\"ImageObject\",\"inLanguage\":\"fr-FR\",\"@id\":\"https:\\\/\\\/www.fvplp.com\\\/victoire\\\/#\\\/schema\\\/logo\\\/image\\\/\",\"url\":\"https:\\\/\\\/www.fvplp.com\\\/victoire\\\/wp-content\\\/uploads\\\/2025\\\/01\\\/cropped-cropped-new-logo.png\",\"contentUrl\":\"https:\\\/\\\/www.fvplp.com\\\/victoire\\\/wp-content\\\/uploads\\\/2025\\\/01\\\/cropped-cropped-new-logo.png\",\"width\":295,\"height\":125,\"caption\":\"Fondation Victoire pour la Paix\"},\"image\":{\"@id\":\"https:\\\/\\\/www.fvplp.com\\\/victoire\\\/#\\\/schema\\\/logo\\\/image\\\/\"}}]}<\/script>\n<!-- \/ Yoast SEO plugin. -->","yoast_head_json":{"title":"Donates |","description":"Soutenir Victoire Ingabire, c\u2019est soutenir les droits du peuple rwandais et de l\u2019humanit\u00e9 enti\u00e8re face \u00e0 l\u2019oppression.","robots":{"index":"index","follow":"follow","max-snippet":"max-snippet:-1","max-image-preview":"max-image-preview:large","max-video-preview":"max-video-preview:-1"},"canonical":"https:\/\/www.fvplp.com\/victoire\/donates\/","og_locale":"fr_FR","og_type":"article","og_title":"Donates |","og_description":"Soutenir Victoire Ingabire, c\u2019est soutenir les droits du peuple rwandais et de l\u2019humanit\u00e9 enti\u00e8re face \u00e0 l\u2019oppression.","og_url":"https:\/\/www.fvplp.com\/victoire\/donates\/","article_modified_time":"2025-01-30T20:33:54+00:00","twitter_card":"summary_large_image","twitter_misc":{"Dur\u00e9e de lecture estim\u00e9e":"1 minute"},"schema":{"@context":"https:\/\/schema.org","@graph":[{"@type":"WebPage","@id":"https:\/\/www.fvplp.com\/victoire\/donates\/","url":"https:\/\/www.fvplp.com\/victoire\/donates\/","name":"Donates |","isPartOf":{"@id":"https:\/\/www.fvplp.com\/victoire\/#website"},"datePublished":"2025-01-24T18:19:36+00:00","dateModified":"2025-01-30T20:33:54+00:00","description":"Soutenir Victoire Ingabire, c\u2019est soutenir les droits du peuple rwandais et de l\u2019humanit\u00e9 enti\u00e8re face \u00e0 l\u2019oppression.","breadcrumb":{"@id":"https:\/\/www.fvplp.com\/victoire\/donates\/#breadcrumb"},"inLanguage":"fr-FR","potentialAction":[{"@type":"ReadAction","target":["https:\/\/www.fvplp.com\/victoire\/donates\/"]}]},{"@type":"BreadcrumbList","@id":"https:\/\/www.fvplp.com\/victoire\/donates\/#breadcrumb","itemListElement":[{"@type":"ListItem","position":1,"name":"Accueil","item":"https:\/\/www.fvplp.com\/victoire\/"},{"@type":"ListItem","position":2,"name":"Donates"}]},{"@type":"WebSite","@id":"https:\/\/www.fvplp.com\/victoire\/#website","url":"https:\/\/www.fvplp.com\/victoire\/","name":"Fondation Victoire pour la Paix","description":"Fondation Victoire Pour La Paix","publisher":{"@id":"https:\/\/www.fvplp.com\/victoire\/#organization"},"alternateName":"Fondation Victoire pour la Paix","potentialAction":[{"@type":"SearchAction","target":{"@type":"EntryPoint","urlTemplate":"https:\/\/www.fvplp.com\/victoire\/?s={search_term_string}"},"query-input":{"@type":"PropertyValueSpecification","valueRequired":true,"valueName":"search_term_string"}}],"inLanguage":"fr-FR"},{"@type":"Organization","@id":"https:\/\/www.fvplp.com\/victoire\/#organization","name":"Fondation Victoire pour la Paix","url":"https:\/\/www.fvplp.com\/victoire\/","logo":{"@type":"ImageObject","inLanguage":"fr-FR","@id":"https:\/\/www.fvplp.com\/victoire\/#\/schema\/logo\/image\/","url":"https:\/\/www.fvplp.com\/victoire\/wp-content\/uploads\/2025\/01\/cropped-cropped-new-logo.png","contentUrl":"https:\/\/www.fvplp.com\/victoire\/wp-content\/uploads\/2025\/01\/cropped-cropped-new-logo.png","width":295,"height":125,"caption":"Fondation Victoire pour la Paix"},"image":{"@id":"https:\/\/www.fvplp.com\/victoire\/#\/schema\/logo\/image\/"}}]}},"uagb_featured_image_src":{"full":false,"thumbnail":false,"medium":false,"medium_large":false,"large":false,"1536x1536":false,"2048x2048":false},"uagb_author_info":{"display_name":"mugabo","author_link":"https:\/\/www.fvplp.com\/victoire\/author\/mugabo\/"},"uagb_comment_info":0,"uagb_excerpt":"Soutenir Victoire Ingabire, c\u2019est soutenir les droits du peuple rwandais et de l\u2019humanit\u00e9 enti\u00e8re face \u00e0 l\u2019oppression. \u00a0 Que faire [&hellip;]","_links":{"self":[{"href":"https:\/\/www.fvplp.com\/victoire\/wp-json\/wp\/v2\/pages\/18","targetHints":{"allow":["GET"]}}],"collection":[{"href":"https:\/\/www.fvplp.com\/victoire\/wp-json\/wp\/v2\/pages"}],"about":[{"href":"https:\/\/www.fvplp.com\/victoire\/wp-json\/wp\/v2\/types\/page"}],"author":[{"embeddable":true,"href":"https:\/\/www.fvplp.com\/victoire\/wp-json\/wp\/v2\/users\/1"}],"replies":[{"embeddable":true,"href":"https:\/\/www.fvplp.com\/victoire\/wp-json\/wp\/v2\/comments?post=18"}],"version-history":[{"count":5,"href":"https:\/\/www.fvplp.com\/victoire\/wp-json\/wp\/v2\/pages\/18\/revisions"}],"predecessor-version":[{"id":238,"href":"https:\/\/www.fvplp.com\/victoire\/wp-json\/wp\/v2\/pages\/18\/revisions\/238"}],"wp:attachment":[{"href":"https:\/\/www.fvplp.com\/victoire\/wp-json\/wp\/v2\/media?parent=18"}],"curies":[{"name":"wp","href":"https:\/\/api.w.org\/{rel}","templated":true}]}}